{"id":16,"date":"2026-05-16T16:58:41","date_gmt":"2026-05-16T16:58:41","guid":{"rendered":"https:\/\/pharmtech.se\/portfolj\/"},"modified":"2026-05-16T17:05:02","modified_gmt":"2026-05-16T17:05:02","slug":"portfolj","status":"publish","type":"page","link":"https:\/\/pharmtech.se\/en\/portfolj\/","title":{"rendered":"Portf\u00f6lj"},"content":{"rendered":"<div class=\"wp-block-group alignfull is-style-ext-preset--group--natural-1--section has-background-background-color has-background has-global-padding is-layout-constrained wp-block-group-is-layout-constrained\" id=\"om\" style=\"margin-top:0;margin-bottom:0;padding-top:var(--wp--preset--spacing--70);padding-bottom:var(--wp--preset--spacing--70)\">\n<div class=\"wp-block-columns alignwide are-vertically-aligned-center is-layout-flex wp-container-core-columns-is-layout-174606dc wp-block-columns-is-layout-flex\">\n<div class=\"wp-block-column is-vertically-aligned-center is-layout-flow wp-block-column-is-layout-flow\">\n<figure class=\"wp-block-image is-style-ext-preset--image--natural-1--image-1--content-right ext-animate--on is-style-ext-preset--image--natural-1--image-1--content-right--2\"><img loading=\"lazy\" decoding=\"async\" width=\"1440\" height=\"889\" class=\"wp-image-35\" src=\"https:\/\/pharmtech.se\/wp-content\/uploads\/2026\/05\/5da237ae05996c13d9390663152bf4a30e62d3b1.jpg\" alt=\"\" style=\"aspect-ratio:1;object-fit:cover\" srcset=\"https:\/\/pharmtech.se\/wp-content\/uploads\/2026\/05\/5da237ae05996c13d9390663152bf4a30e62d3b1.jpg 1440w, https:\/\/pharmtech.se\/wp-content\/uploads\/2026\/05\/5da237ae05996c13d9390663152bf4a30e62d3b1-300x185.jpg 300w, https:\/\/pharmtech.se\/wp-content\/uploads\/2026\/05\/5da237ae05996c13d9390663152bf4a30e62d3b1-1024x632.jpg 1024w, https:\/\/pharmtech.se\/wp-content\/uploads\/2026\/05\/5da237ae05996c13d9390663152bf4a30e62d3b1-768x474.jpg 768w, https:\/\/pharmtech.se\/wp-content\/uploads\/2026\/05\/5da237ae05996c13d9390663152bf4a30e62d3b1-18x12.jpg 18w\" sizes=\"auto, (max-width: 1440px) 100vw, 1440px\" \/><\/figure>\n<\/div>\n\n\n\n<div class=\"wp-block-column is-vertically-aligned-center is-layout-flow wp-block-column-is-layout-flow\">\n<h2 class=\"wp-block-heading ext-animate--on\">Utforska Pharmtechs strategi f\u00f6r att s\u00e4kerst\u00e4lla trygg l\u00e4kemedelsanv\u00e4ndning.<\/h2>\n\n\n\n<p class=\"ext-animate--on\" style=\"margin-top:1.5rem\">H\u00e4r presenteras v\u00e5rt engagemang f\u00f6r innovativa beslutsst\u00f6dsl\u00f6sningar som SafeMed\u00ae, med fokus p\u00e5 s\u00e4kerhet och effektivitet inom apotek och sjukv\u00e5rd, samt v\u00e5ra l\u00e5ngsiktiga m\u00e5l f\u00f6r en b\u00e4ttre h\u00e4lso- och sjukv\u00e5rd.<\/p>\n<\/div>\n<\/div>\n<\/div>\n\n<div class=\"wp-block-group alignfull is-style-ext-preset--group--natural-1--section has-tertiary-background-color has-background has-global-padding is-layout-constrained wp-container-core-group-is-layout-f72f1611 wp-block-group-is-layout-constrained\" id=\"galleri\" style=\"margin-top:0;margin-bottom:0;padding-top:var(--wp--preset--spacing--70);padding-bottom:var(--wp--preset--spacing--70)\">\n<div class=\"wp-block-group alignwide ext-is-logical-start has-global-padding is-content-justification-left is-layout-constrained wp-container-core-group-is-layout-6729bdbe wp-block-group-is-layout-constrained\">\n<h2 class=\"wp-block-heading ext-animate--on\">Utforska v\u00e5rt portf\u00f6ljutbud.<\/h2>\n\n\n\n<p class=\"has-text-align-left ext-animate--on\">H\u00e4r presenteras noggrant utvalda exempel p\u00e5 v\u00e5ra avancerade l\u00f6sningar f\u00f6r s\u00e4ker l\u00e4kemedelsanv\u00e4ndning.<\/p>\n<\/div>\n\n\n\n<div class=\"wp-block-columns alignwide are-vertically-aligned-top is-layout-flex wp-container-core-columns-is-layout-87beb0d0 wp-block-columns-is-layout-flex\">\n<div class=\"wp-block-column is-vertically-aligned-top ext-animate--on is-layout-flow wp-container-core-column-is-layout-f5bb311e wp-block-column-is-layout-flow\">\n<figure class=\"wp-block-image is-style-ext-preset--image--natural-1--image-1--content-top is-style-ext-preset--image--natural-1--image-1--content-top--4\"><img loading=\"lazy\" decoding=\"async\" width=\"960\" height=\"1440\" class=\"wp-image-32\" src=\"https:\/\/pharmtech.se\/wp-content\/uploads\/2026\/05\/c3a880fc74b0241054bc1191f939526cc68d4b8a.jpg\" alt=\"\" style=\"aspect-ratio:1;object-fit:cover\" srcset=\"https:\/\/pharmtech.se\/wp-content\/uploads\/2026\/05\/c3a880fc74b0241054bc1191f939526cc68d4b8a.jpg 960w, https:\/\/pharmtech.se\/wp-content\/uploads\/2026\/05\/c3a880fc74b0241054bc1191f939526cc68d4b8a-200x300.jpg 200w, https:\/\/pharmtech.se\/wp-content\/uploads\/2026\/05\/c3a880fc74b0241054bc1191f939526cc68d4b8a-683x1024.jpg 683w, https:\/\/pharmtech.se\/wp-content\/uploads\/2026\/05\/c3a880fc74b0241054bc1191f939526cc68d4b8a-768x1152.jpg 768w, https:\/\/pharmtech.se\/wp-content\/uploads\/2026\/05\/c3a880fc74b0241054bc1191f939526cc68d4b8a-8x12.jpg 8w\" sizes=\"auto, (max-width: 960px) 100vw, 960px\" \/><\/figure>\n\n\n\n<figure class=\"wp-block-image is-style-ext-preset--image--natural-1--image-1--content-top is-style-ext-preset--image--natural-1--image-1--content-top--5\"><img loading=\"lazy\" decoding=\"async\" width=\"1440\" height=\"960\" class=\"wp-image-36\" src=\"https:\/\/pharmtech.se\/wp-content\/uploads\/2026\/05\/45f7db2b81c8a8e7bca31b6dd453e172d4cad0a0.jpg\" alt=\"\" style=\"aspect-ratio:1;object-fit:cover\" srcset=\"https:\/\/pharmtech.se\/wp-content\/uploads\/2026\/05\/45f7db2b81c8a8e7bca31b6dd453e172d4cad0a0.jpg 1440w, https:\/\/pharmtech.se\/wp-content\/uploads\/2026\/05\/45f7db2b81c8a8e7bca31b6dd453e172d4cad0a0-300x200.jpg 300w, https:\/\/pharmtech.se\/wp-content\/uploads\/2026\/05\/45f7db2b81c8a8e7bca31b6dd453e172d4cad0a0-1024x683.jpg 1024w, https:\/\/pharmtech.se\/wp-content\/uploads\/2026\/05\/45f7db2b81c8a8e7bca31b6dd453e172d4cad0a0-768x512.jpg 768w, https:\/\/pharmtech.se\/wp-content\/uploads\/2026\/05\/45f7db2b81c8a8e7bca31b6dd453e172d4cad0a0-18x12.jpg 18w\" sizes=\"auto, (max-width: 1440px) 100vw, 1440px\" \/><\/figure>\n<\/div>\n\n\n\n<div class=\"wp-block-column is-vertically-aligned-top ext-animate--on is-layout-flow wp-container-core-column-is-layout-f5bb311e wp-block-column-is-layout-flow\">\n<figure class=\"wp-block-image is-style-ext-preset--image--natural-1--image-1--content-top is-style-ext-preset--image--natural-1--image-1--content-top--6\"><img loading=\"lazy\" decoding=\"async\" width=\"1440\" height=\"960\" class=\"wp-image-37\" src=\"https:\/\/pharmtech.se\/wp-content\/uploads\/2026\/05\/920e01ba5473cbce07dd823aac57ce654b02a6c6.jpg\" alt=\"\" style=\"aspect-ratio:1;object-fit:cover\" srcset=\"https:\/\/pharmtech.se\/wp-content\/uploads\/2026\/05\/920e01ba5473cbce07dd823aac57ce654b02a6c6.jpg 1440w, https:\/\/pharmtech.se\/wp-content\/uploads\/2026\/05\/920e01ba5473cbce07dd823aac57ce654b02a6c6-300x200.jpg 300w, https:\/\/pharmtech.se\/wp-content\/uploads\/2026\/05\/920e01ba5473cbce07dd823aac57ce654b02a6c6-1024x683.jpg 1024w, https:\/\/pharmtech.se\/wp-content\/uploads\/2026\/05\/920e01ba5473cbce07dd823aac57ce654b02a6c6-768x512.jpg 768w, https:\/\/pharmtech.se\/wp-content\/uploads\/2026\/05\/920e01ba5473cbce07dd823aac57ce654b02a6c6-18x12.jpg 18w\" sizes=\"auto, (max-width: 1440px) 100vw, 1440px\" \/><\/figure>\n\n\n\n<figure class=\"wp-block-image is-style-ext-preset--image--natural-1--image-1--content-top is-style-ext-preset--image--natural-1--image-1--content-top--7\"><img loading=\"lazy\" decoding=\"async\" width=\"1440\" height=\"960\" class=\"wp-image-38\" src=\"https:\/\/pharmtech.se\/wp-content\/uploads\/2026\/05\/138dae173f26e0dac51c26a2bfd161895195a5b7.jpg\" alt=\"\" style=\"aspect-ratio:1;object-fit:cover\" srcset=\"https:\/\/pharmtech.se\/wp-content\/uploads\/2026\/05\/138dae173f26e0dac51c26a2bfd161895195a5b7.jpg 1440w, https:\/\/pharmtech.se\/wp-content\/uploads\/2026\/05\/138dae173f26e0dac51c26a2bfd161895195a5b7-300x200.jpg 300w, https:\/\/pharmtech.se\/wp-content\/uploads\/2026\/05\/138dae173f26e0dac51c26a2bfd161895195a5b7-1024x683.jpg 1024w, https:\/\/pharmtech.se\/wp-content\/uploads\/2026\/05\/138dae173f26e0dac51c26a2bfd161895195a5b7-768x512.jpg 768w, https:\/\/pharmtech.se\/wp-content\/uploads\/2026\/05\/138dae173f26e0dac51c26a2bfd161895195a5b7-18x12.jpg 18w\" sizes=\"auto, (max-width: 1440px) 100vw, 1440px\" \/><\/figure>\n<\/div>\n\n\n\n<div class=\"wp-block-column is-vertically-aligned-top ext-animate--on is-layout-flow wp-container-core-column-is-layout-f5bb311e wp-block-column-is-layout-flow\">\n<figure class=\"wp-block-image is-style-ext-preset--image--natural-1--image-1--content-top is-style-ext-preset--image--natural-1--image-1--content-top--8\"><img loading=\"lazy\" decoding=\"async\" width=\"1440\" height=\"889\" class=\"wp-image-35\" src=\"https:\/\/pharmtech.se\/wp-content\/uploads\/2026\/05\/5da237ae05996c13d9390663152bf4a30e62d3b1.jpg\" alt=\"\" style=\"aspect-ratio:1;object-fit:cover\" srcset=\"https:\/\/pharmtech.se\/wp-content\/uploads\/2026\/05\/5da237ae05996c13d9390663152bf4a30e62d3b1.jpg 1440w, https:\/\/pharmtech.se\/wp-content\/uploads\/2026\/05\/5da237ae05996c13d9390663152bf4a30e62d3b1-300x185.jpg 300w, https:\/\/pharmtech.se\/wp-content\/uploads\/2026\/05\/5da237ae05996c13d9390663152bf4a30e62d3b1-1024x632.jpg 1024w, https:\/\/pharmtech.se\/wp-content\/uploads\/2026\/05\/5da237ae05996c13d9390663152bf4a30e62d3b1-768x474.jpg 768w, https:\/\/pharmtech.se\/wp-content\/uploads\/2026\/05\/5da237ae05996c13d9390663152bf4a30e62d3b1-18x12.jpg 18w\" sizes=\"auto, (max-width: 1440px) 100vw, 1440px\" \/><\/figure>\n\n\n\n<figure class=\"wp-block-image is-style-ext-preset--image--natural-1--image-1--content-top is-style-ext-preset--image--natural-1--image-1--content-top--9\"><img loading=\"lazy\" decoding=\"async\" width=\"1152\" height=\"1440\" class=\"wp-image-39\" src=\"https:\/\/pharmtech.se\/wp-content\/uploads\/2026\/05\/02932628400aa51b54d800837b647a0e56071455.jpg\" alt=\"\" style=\"aspect-ratio:1;object-fit:cover\" srcset=\"https:\/\/pharmtech.se\/wp-content\/uploads\/2026\/05\/02932628400aa51b54d800837b647a0e56071455.jpg 1152w, https:\/\/pharmtech.se\/wp-content\/uploads\/2026\/05\/02932628400aa51b54d800837b647a0e56071455-240x300.jpg 240w, https:\/\/pharmtech.se\/wp-content\/uploads\/2026\/05\/02932628400aa51b54d800837b647a0e56071455-819x1024.jpg 819w, https:\/\/pharmtech.se\/wp-content\/uploads\/2026\/05\/02932628400aa51b54d800837b647a0e56071455-768x960.jpg 768w, https:\/\/pharmtech.se\/wp-content\/uploads\/2026\/05\/02932628400aa51b54d800837b647a0e56071455-10x12.jpg 10w\" sizes=\"auto, (max-width: 1152px) 100vw, 1152px\" \/><\/figure>\n<\/div>\n\n\n\n<div class=\"wp-block-column is-vertically-aligned-top ext-animate--on is-layout-flow wp-container-core-column-is-layout-f5bb311e wp-block-column-is-layout-flow\">\n<figure class=\"wp-block-image is-style-ext-preset--image--natural-1--image-1--content-top is-style-ext-preset--image--natural-1--image-1--content-top--10\"><img loading=\"lazy\" decoding=\"async\" width=\"1440\" height=\"1036\" class=\"wp-image-40\" src=\"https:\/\/pharmtech.se\/wp-content\/uploads\/2026\/05\/4d8f85246c3b3a0a7b7f178ea23ea1efc0d0d95c.jpg\" alt=\"\" style=\"aspect-ratio:1;object-fit:cover\" srcset=\"https:\/\/pharmtech.se\/wp-content\/uploads\/2026\/05\/4d8f85246c3b3a0a7b7f178ea23ea1efc0d0d95c.jpg 1440w, https:\/\/pharmtech.se\/wp-content\/uploads\/2026\/05\/4d8f85246c3b3a0a7b7f178ea23ea1efc0d0d95c-300x216.jpg 300w, https:\/\/pharmtech.se\/wp-content\/uploads\/2026\/05\/4d8f85246c3b3a0a7b7f178ea23ea1efc0d0d95c-1024x737.jpg 1024w, https:\/\/pharmtech.se\/wp-content\/uploads\/2026\/05\/4d8f85246c3b3a0a7b7f178ea23ea1efc0d0d95c-768x553.jpg 768w, https:\/\/pharmtech.se\/wp-content\/uploads\/2026\/05\/4d8f85246c3b3a0a7b7f178ea23ea1efc0d0d95c-18x12.jpg 18w\" sizes=\"auto, (max-width: 1440px) 100vw, 1440px\" \/><\/figure>\n\n\n\n<figure class=\"wp-block-image is-style-ext-preset--image--natural-1--image-1--content-top is-style-ext-preset--image--natural-1--image-1--content-top--11\"><img loading=\"lazy\" decoding=\"async\" width=\"1440\" height=\"810\" class=\"wp-image-41\" src=\"https:\/\/pharmtech.se\/wp-content\/uploads\/2026\/05\/a0a3776600bd1bb295da389a5e211bf0b67f1c7c.jpg\" alt=\"\" style=\"aspect-ratio:1;object-fit:cover\" srcset=\"https:\/\/pharmtech.se\/wp-content\/uploads\/2026\/05\/a0a3776600bd1bb295da389a5e211bf0b67f1c7c.jpg 1440w, https:\/\/pharmtech.se\/wp-content\/uploads\/2026\/05\/a0a3776600bd1bb295da389a5e211bf0b67f1c7c-300x169.jpg 300w, https:\/\/pharmtech.se\/wp-content\/uploads\/2026\/05\/a0a3776600bd1bb295da389a5e211bf0b67f1c7c-1024x576.jpg 1024w, https:\/\/pharmtech.se\/wp-content\/uploads\/2026\/05\/a0a3776600bd1bb295da389a5e211bf0b67f1c7c-768x432.jpg 768w, https:\/\/pharmtech.se\/wp-content\/uploads\/2026\/05\/a0a3776600bd1bb295da389a5e211bf0b67f1c7c-18x10.jpg 18w\" sizes=\"auto, (max-width: 1440px) 100vw, 1440px\" \/><\/figure>\n<\/div>\n<\/div>\n<\/div>\n\n<div class=\"wp-block-group alignfull is-style-ext-preset--group--natural-1--section has-background-background-color has-background has-global-padding is-layout-constrained wp-container-core-group-is-layout-e955bbaf wp-block-group-is-layout-constrained\" style=\"margin-top:0;margin-bottom:0;padding-top:var(--wp--preset--spacing--70);padding-bottom:var(--wp--preset--spacing--70)\">\n<h2 class=\"wp-block-heading has-text-align-center ext-animate--on\">Verkliga framg\u00e5ngar med PHARMTECHs l\u00f6sningar<\/h2>\n\n\n\n<p class=\"has-text-align-center ext-animate--on\" style=\"margin-top:1.5rem\">H\u00e4r presenterar vi steg-f\u00f6r-steg-processen f\u00f6r att snabbt komma ig\u00e5ng och maximera nyttan av v\u00e5ra avancerade beslutsst\u00f6dssystem.<\/p>\n\n\n\n<div class=\"wp-block-columns alignwide are-vertically-aligned-center is-layout-flex wp-container-core-columns-is-layout-174606dc wp-block-columns-is-layout-flex\">\n<div class=\"wp-block-column is-vertically-aligned-center ext-animate--on is-layout-flow wp-block-column-is-layout-flow\">\n<h3 class=\"wp-block-heading ext-animate--on\">S\u00e5 revolutionerade ett sjukhus sina l\u00e4kemedelsrutiner<\/h3>\n\n\n\n<p class=\"ext-animate--on\" style=\"margin-top:1.5rem\">Denna fallstudie visar hur v\u00e5r SafeMed\u00ae-l\u00f6sning \u00f6kade patients\u00e4kerheten, effektiviserade l\u00e4kemedelsgenomg\u00e5ngar och f\u00f6rb\u00e4ttrade v\u00e5rdresultaten.<\/p>\n<\/div>\n\n\n\n<div class=\"wp-block-column is-vertically-aligned-center ext-animate--on is-layout-flow wp-block-column-is-layout-flow\">\n<figure class=\"wp-block-image is-style-ext-preset--image--natural-1--image-1--content-left is-style-ext-preset--image--natural-1--image-1--content-left--13\"><img loading=\"lazy\" decoding=\"async\" width=\"1280\" height=\"1828\" class=\"wp-image-42\" src=\"https:\/\/pharmtech.se\/wp-content\/uploads\/2026\/05\/2b783ce0fcce64ff67550eff598174e761599f21.jpg\" alt=\"\" style=\"aspect-ratio:4\/3;object-fit:cover\" srcset=\"https:\/\/pharmtech.se\/wp-content\/uploads\/2026\/05\/2b783ce0fcce64ff67550eff598174e761599f21.jpg 1280w, https:\/\/pharmtech.se\/wp-content\/uploads\/2026\/05\/2b783ce0fcce64ff67550eff598174e761599f21-210x300.jpg 210w, https:\/\/pharmtech.se\/wp-content\/uploads\/2026\/05\/2b783ce0fcce64ff67550eff598174e761599f21-717x1024.jpg 717w, https:\/\/pharmtech.se\/wp-content\/uploads\/2026\/05\/2b783ce0fcce64ff67550eff598174e761599f21-768x1097.jpg 768w, https:\/\/pharmtech.se\/wp-content\/uploads\/2026\/05\/2b783ce0fcce64ff67550eff598174e761599f21-1076x1536.jpg 1076w, https:\/\/pharmtech.se\/wp-content\/uploads\/2026\/05\/2b783ce0fcce64ff67550eff598174e761599f21-8x12.jpg 8w\" sizes=\"auto, (max-width: 1280px) 100vw, 1280px\" \/><\/figure>\n<\/div>\n<\/div>\n\n\n\n<div class=\"wp-block-columns alignwide are-vertically-aligned-center is-layout-flex wp-container-core-columns-is-layout-ed161d23 wp-block-columns-is-layout-flex\" style=\"margin-top:var(--wp--preset--spacing--50)\">\n<div class=\"wp-block-column is-vertically-aligned-center ext-animate--on is-layout-flow wp-block-column-is-layout-flow\">\n<figure class=\"wp-block-image is-style-ext-preset--image--natural-1--image-1--content-right is-style-ext-preset--image--natural-1--image-1--content-right--14\"><img loading=\"lazy\" decoding=\"async\" width=\"1280\" height=\"1920\" class=\"wp-image-43\" src=\"https:\/\/pharmtech.se\/wp-content\/uploads\/2026\/05\/36a54e0622f55fe74c283ea0fec349967e420444.jpg\" alt=\"\" style=\"aspect-ratio:4\/3;object-fit:cover\" srcset=\"https:\/\/pharmtech.se\/wp-content\/uploads\/2026\/05\/36a54e0622f55fe74c283ea0fec349967e420444.jpg 1280w, https:\/\/pharmtech.se\/wp-content\/uploads\/2026\/05\/36a54e0622f55fe74c283ea0fec349967e420444-200x300.jpg 200w, https:\/\/pharmtech.se\/wp-content\/uploads\/2026\/05\/36a54e0622f55fe74c283ea0fec349967e420444-683x1024.jpg 683w, https:\/\/pharmtech.se\/wp-content\/uploads\/2026\/05\/36a54e0622f55fe74c283ea0fec349967e420444-768x1152.jpg 768w, https:\/\/pharmtech.se\/wp-content\/uploads\/2026\/05\/36a54e0622f55fe74c283ea0fec349967e420444-1024x1536.jpg 1024w, https:\/\/pharmtech.se\/wp-content\/uploads\/2026\/05\/36a54e0622f55fe74c283ea0fec349967e420444-8x12.jpg 8w\" sizes=\"auto, (max-width: 1280px) 100vw, 1280px\" \/><\/figure>\n<\/div>\n\n\n\n<div class=\"wp-block-column is-vertically-aligned-center ext-animate--on is-layout-flow wp-block-column-is-layout-flow\">\n<h3 class=\"wp-block-heading ext-animate--on\">Bygg h\u00e5llbar utveckling med innovativa l\u00e4kemedelsst\u00f6d.<\/h3>\n\n\n\n<p class=\"ext-animate--on\" style=\"margin-top:1.5rem\">Vi analyserar hur en v\u00e5rdorganisation \u00f6vervann komplexa utmaningar och n\u00e5dde toppresultat med v\u00e5ra skr\u00e4ddarsydda mjukvarul\u00f6sningar.<\/p>\n<\/div>\n<\/div>\n\n\n\n<div class=\"wp-block-columns alignwide are-vertically-aligned-center is-layout-flex wp-container-core-columns-is-layout-ed161d23 wp-block-columns-is-layout-flex\" style=\"margin-top:var(--wp--preset--spacing--50)\">\n<div class=\"wp-block-column is-vertically-aligned-center ext-animate--on is-layout-flow wp-block-column-is-layout-flow\">\n<h3 class=\"wp-block-heading ext-animate--on\">F\u00f6rb\u00e4ttra v\u00e5rdkvaliteten med r\u00e4tt digitalt st\u00f6d.<\/h3>\n\n\n\n<p class=\"ext-animate--on\" style=\"margin-top:1.5rem\">Fallstudien illustrerar hur v\u00e5r teknik effektiviserade apotekens processer, minskade fel och \u00f6kade produktiviteten.<\/p>\n<\/div>\n\n\n\n<div class=\"wp-block-column is-vertically-aligned-center ext-animate--on is-layout-flow wp-block-column-is-layout-flow\">\n<figure class=\"wp-block-image is-style-ext-preset--image--natural-1--image-1--content-left is-style-ext-preset--image--natural-1--image-1--content-left--15\"><img loading=\"lazy\" decoding=\"async\" width=\"1280\" height=\"1920\" class=\"wp-image-44\" src=\"https:\/\/pharmtech.se\/wp-content\/uploads\/2026\/05\/cc2297ed0d976c37cbd460dfe1eedc430439fd68.jpg\" alt=\"\" style=\"aspect-ratio:4\/3;object-fit:cover\" srcset=\"https:\/\/pharmtech.se\/wp-content\/uploads\/2026\/05\/cc2297ed0d976c37cbd460dfe1eedc430439fd68.jpg 1280w, https:\/\/pharmtech.se\/wp-content\/uploads\/2026\/05\/cc2297ed0d976c37cbd460dfe1eedc430439fd68-200x300.jpg 200w, https:\/\/pharmtech.se\/wp-content\/uploads\/2026\/05\/cc2297ed0d976c37cbd460dfe1eedc430439fd68-683x1024.jpg 683w, https:\/\/pharmtech.se\/wp-content\/uploads\/2026\/05\/cc2297ed0d976c37cbd460dfe1eedc430439fd68-768x1152.jpg 768w, https:\/\/pharmtech.se\/wp-content\/uploads\/2026\/05\/cc2297ed0d976c37cbd460dfe1eedc430439fd68-1024x1536.jpg 1024w, https:\/\/pharmtech.se\/wp-content\/uploads\/2026\/05\/cc2297ed0d976c37cbd460dfe1eedc430439fd68-8x12.jpg 8w\" sizes=\"auto, (max-width: 1280px) 100vw, 1280px\" \/><\/figure>\n<\/div>\n<\/div>\n\n\n\n<div class=\"wp-block-buttons ext-animate--on is-content-justification-center is-layout-flex wp-container-core-buttons-is-layout-a89b3969 wp-block-buttons-is-layout-flex\">\n<div class=\"wp-block-button is-style-ext-preset--button--natural-1--button-1 is-style-ext-preset--button--natural-1--button-1--16\"><a class=\"wp-block-button__link wp-element-button\" href=\"https:\/\/pharmtech.se\/en\/rekommendationer\/\">L\u00e4s vidare<\/a><\/div>\n<\/div>\n<\/div>","protected":false},"excerpt":{"rendered":"<p>Utforska Pharmtechs strategi f\u00f6r att s\u00e4kerst\u00e4lla trygg l\u00e4kemedelsanv\u00e4ndning. H\u00e4r presenteras v\u00e5rt engagemang f\u00f6r innovativa beslutsst\u00f6dsl\u00f6sningar som SafeMed\u00ae, med fokus p\u00e5 s\u00e4kerhet och effektivitet inom apotek och sjukv\u00e5rd, samt v\u00e5ra l\u00e5ngsiktiga m\u00e5l f\u00f6r en b\u00e4ttre h\u00e4lso- och sjukv\u00e5rd. Utforska v\u00e5rt portf\u00f6ljutbud. H\u00e4r presenteras noggrant utvalda exempel p\u00e5 v\u00e5ra avancerade l\u00f6sningar f\u00f6r s\u00e4ker l\u00e4kemedelsanv\u00e4ndning. Verkliga framg\u00e5ngar med [&hellip;]<\/p>\n","protected":false},"author":1,"featured_media":0,"parent":0,"menu_order":0,"comment_status":"closed","ping_status":"closed","template":"page-with-title","meta":{"_monsterinsights_skip_tracking":false,"_monsterinsights_sitenote_active":false,"_monsterinsights_sitenote_note":"","_monsterinsights_sitenote_category":0,"footnotes":""},"class_list":["post-16","page","type-page","status-publish","hentry"],"_links":{"self":[{"href":"https:\/\/pharmtech.se\/en\/wp-json\/wp\/v2\/pages\/16","targetHints":{"allow":["GET"]}}],"collection":[{"href":"https:\/\/pharmtech.se\/en\/wp-json\/wp\/v2\/pages"}],"about":[{"href":"https:\/\/pharmtech.se\/en\/wp-json\/wp\/v2\/types\/page"}],"author":[{"embeddable":true,"href":"https:\/\/pharmtech.se\/en\/wp-json\/wp\/v2\/users\/1"}],"replies":[{"embeddable":true,"href":"https:\/\/pharmtech.se\/en\/wp-json\/wp\/v2\/comments?post=16"}],"version-history":[{"count":2,"href":"https:\/\/pharmtech.se\/en\/wp-json\/wp\/v2\/pages\/16\/revisions"}],"predecessor-version":[{"id":45,"href":"https:\/\/pharmtech.se\/en\/wp-json\/wp\/v2\/pages\/16\/revisions\/45"}],"wp:attachment":[{"href":"https:\/\/pharmtech.se\/en\/wp-json\/wp\/v2\/media?parent=16"}],"curies":[{"name":"wp","href":"https:\/\/api.w.org\/{rel}","templated":true}]}}